{"id":4997,"date":"2021-03-17T12:11:40","date_gmt":"2021-03-17T12:11:40","guid":{"rendered":"https:\/\/themeforest.unitedthemes.com\/wpversions\/brooklyn\/xml\/demo43-dark\/?page_id=4997"},"modified":"2026-05-02T22:41:56","modified_gmt":"2026-05-02T22:41:56","slug":"contact","status":"publish","type":"page","link":"https:\/\/icestrategiasysolucionestributarias.com\/?page_id=4997","title":{"rendered":"Contact"},"content":{"rendered":"<div class=\"wpb-content-wrapper\"><p>[vc_section css=\u00bb.vc_custom_1776225958568{margin-top: -70px !important;}\u00bb][vc_row][vc_column width=\u00bb2\/3&#8243;]<div class=\"wpb_content_element \"><style type=\"text\/css\">#ut_header_6a009fc904912 h2.section-title { font-size:60px !important;line-height:70px !important;letter-spacing:-0.03em; }<\/style><header id=\"ut_header_6a009fc904912\" class=\"section-header  ut-no-title-linebreak-mobile ut-no-lead-linebreak-mobile pt-style-7 header-left header-tablet-left header-mobile-center element-with-custom-line-height\"><div class=\"element-with-custom-line-height\" ><h2 data-title=\"Contactos\"  data-responsive-font=\"section_title\" data-responsive-font-settings=\"{&quot;base-font-size&quot;:&quot;global&quot;,&quot;font-size&quot;:{&quot;desktop_large&quot;:&quot;60&quot;},&quot;base-line-height&quot;:&quot;global&quot;,&quot;line-height&quot;:{&quot;desktop_large&quot;:&quot;70&quot;},&quot;base-letter-spacing&quot;:&quot;global&quot;,&quot;letter-spacing&quot;:{&quot;desktop_large&quot;:&quot;-0.03&quot;}}\" class=\"section-title  \"><span>Contactos<\/span><\/h2><\/div><div data-delay=\"0\" class=\"lead \"><p>Estamos aqu\u00ed para ayudarte. Si tienes alguna consulta, necesitas m\u00e1s informaci\u00f3n sobre nuestros servicios o deseas una cotizaci\u00f3n, no dudes en comunicarte con nosotros. Nuestro equipo estar\u00e1 encantado de atenderte lo antes posible.<\/p>\n<\/div><\/header><\/div>[vc_separator][\/vc_column][vc_column width=\u00bb1\/3&#8243;]<div class=\"wpb_content_element   clearfix\"><style type=\"text\/css\">#ut_ig_6a009fc907475 .ut-lazy:not(.ut-image-loaded) + .ut-video-module-loading { display:block; }#ut_ig_6a009fc907475 .ut-lazy.ut-image-loaded + .ut-video-module-loading { display:none; }<\/style><div id=\"ut_ig_6a009fc907475\" class=\"ut-image-gallery ut-image-gallery-module  clearfix\" data-settings=\"{&quot;animate&quot;:true,&quot;effect&quot;:&quot;&quot;,&quot;lazy&quot;:true,&quot;delay_animation&quot;:false,&quot;global_delay_animation&quot;:false,&quot;delay_timer&quot;:100,&quot;global_delay_timer&quot;:100}\" ><div  data-count=\"1\" class=\"ut-image-gallery-item ut-animation-done grid-100 tablet-grid-100 mobile-grid-100\"><a  class=\"ut-vc-images-lightbox ut-vc-images-lightbox-group-image\"  data-exthumbimage=\"https:\/\/icestrategiasysolucionestributarias.com\/wp-content\/uploads\/2026\/04\/datos-seguros-200x183.png\" href=\"https:\/\/icestrategiasysolucionestributarias.com\/wp-content\/uploads\/2026\/04\/datos-seguros.png\" data-title=\"datos-seguros\" data-caption=\"\" data-caption-color=\"\" data-caption-background=\"\"><div class=\"ut-image-gallery-image\" ><img loading=\"lazy\" decoding=\"async\"  class=\" ut-lazy skip-lazy\" src=\"data:image\/svg+xml;charset=utf-8,%3Csvg xmlns%3D'http%3A%2F%2Fwww.w3.org%2F2000%2Fsvg' viewBox%3D'0 0 450 183'%2F%3E\" data-src=\"https:\/\/icestrategiasysolucionestributarias.com\/wp-content\/uploads\/2026\/04\/datos-seguros.png\" width=\"450\" height=\"183\"><\/div><\/a><\/div><div class=\"ut-image-gallery-sizer\"><\/div><div class=\"clear\"><\/div><\/div><\/div>[\/vc_column][\/vc_row][\/vc_section][vc_section el_name=\u00bbContact\u00bb css=\u00bb.vc_custom_1776226205832{margin-top: -50px !important;}\u00bb][vc_row css=\u00bb.vc_custom_1776224338496{margin-right: 50px !important;margin-left: 55px !important;}\u00bb][vc_column width=\u00bb1\/4&#8243; css=\u00bb.vc_custom_1777761715972{background-color: #0040ff !important;}\u00bb el_class=\u00bbtabla-contactos\u00bb][vc_message icon_fontawesome=\u00bbfa-brands fa-whatsapp\u00bb css=\u00bb\u00bb el_class=\u00bbdiv-otro-contacto\u00bb]Escr\u00edbenos por WhatsApp<br \/>\n<b>+51 924 786 463<\/b>[\/vc_message][vc_message icon_fontawesome=\u00bbfa-solid fa-phone\u00bb css=\u00bb\u00bb el_class=\u00bbdiv-otro-contacto\u00bb]Ll\u00e1manos ahora<br \/>\n<b>+51 924 786 463<\/b>[\/vc_message][vc_message icon_fontawesome=\u00bbfa-regular fa-envelope\u00bb css=\u00bb\u00bb el_class=\u00bbdiv-otro-contacto\u00bb]Escr\u00edbenos al correo<br \/>\n<b>info@icestrategiasysolucionestributarias.com<\/b>[\/vc_message][vc_message icon_fontawesome=\u00bbfa-solid fa-map-marker-alt\u00bb css=\u00bb\u00bb el_class=\u00bbdiv-otro-contacto\u00bb]Vis\u00edtanos en nuestra ubicaci\u00f3n<br \/>\n<strong>Av. los Herrerillos Mza. o Lote. 6, Santiago de Surco 15056<\/strong>[\/vc_message][\/vc_column][vc_column width=\u00bb3\/4&#8243; css=\u00bb.vc_custom_1777447499886{margin-right: 25px !important;background-color: #ffffff !important;border-radius: 15px !important;}\u00bb]<div class=\"wpb_content_element \"><style type=\"text\/css\">#ut_header_6a009fc908f3a h2.section-title { font-size:40px !important;line-height:100px !important;letter-spacing:-0.03em; }<\/style><header id=\"ut_header_6a009fc908f3a\" class=\"section-header  ut-no-title-linebreak-mobile ut-no-lead-linebreak-mobile pt-style-7 header-left header-tablet-left header-mobile-center element-with-custom-line-height\"><div class=\"element-with-custom-line-height\" ><h2 data-title=\"D\u00e9jenos tu mensaje\"  data-responsive-font=\"section_title\" data-responsive-font-settings=\"{&quot;base-font-size&quot;:&quot;40&quot;,&quot;font-size&quot;:{&quot;desktop_large&quot;:&quot;40&quot;},&quot;base-line-height&quot;:&quot;100&quot;,&quot;line-height-unit&quot;:&quot;px&quot;,&quot;line-height&quot;:{&quot;desktop_large&quot;:&quot;100&quot;},&quot;base-letter-spacing&quot;:&quot;global&quot;,&quot;letter-spacing&quot;:{&quot;desktop_large&quot;:&quot;-0.03&quot;}}\" class=\"section-title  \"><span>D\u00e9jenos tu mensaje<\/span><\/h2><\/div><div data-delay=\"0\" class=\"lead \"><p>Completa el siguiente formulario y nos pondremos en contacto contigo lo antes posible.<\/p>\n<\/div><\/header><\/div><div id=\"ut_cf7_colors_6a009fc909352\" class=\"wpb_content_element  \">\n<div class=\"wpcf7 no-js\" id=\"wpcf7-f9939-o1\" lang=\"es-ES\" dir=\"ltr\" data-wpcf7-id=\"9939\">\n<div class=\"screen-reader-response\"><p role=\"status\" aria-live=\"polite\" aria-atomic=\"true\"><\/p> <ul><\/ul><\/div>\n<form action=\"\/index.php?rest_route=%2Fwp%2Fv2%2Fpages%2F4997#wpcf7-f9939-o1\" method=\"post\" class=\"wpcf7-form init\" aria-label=\"Formulario de contacto\" novalidate=\"novalidate\" data-status=\"init\">\n<fieldset class=\"hidden-fields-container\"><input type=\"hidden\" name=\"_wpcf7\" value=\"9939\" \/><input type=\"hidden\" name=\"_wpcf7_version\" value=\"6.1.5\" \/><input type=\"hidden\" name=\"_wpcf7_locale\" value=\"es_ES\" \/><input type=\"hidden\" name=\"_wpcf7_unit_tag\" value=\"wpcf7-f9939-o1\" \/><input type=\"hidden\" name=\"_wpcf7_container_post\" value=\"0\" \/><input type=\"hidden\" name=\"_wpcf7_posted_data_hash\" value=\"\" \/>\n<\/fieldset>\n<div class=\"contacto-grid\">\n    <div class=\"campo-nombre\">\n        <label> Nombres y apellidos <span class=\"wpcf7-form-control-wrap\" data-name=\"your-name\"><input size=\"40\" maxlength=\"400\" class=\"wpcf7-form-control wpcf7-text wpcf7-validates-as-required\" autocomplete=\"name\" aria-required=\"true\" aria-invalid=\"false\" value=\"\" type=\"text\" name=\"your-name\" \/><\/span> <\/label>\n    <\/div>\n\n    <div class=\"campo-email\">\n        <label> Correo electr\u00f3nico <span class=\"wpcf7-form-control-wrap\" data-name=\"your-email\"><input size=\"40\" maxlength=\"400\" class=\"wpcf7-form-control wpcf7-email wpcf7-validates-as-required wpcf7-text wpcf7-validates-as-email\" autocomplete=\"email\" aria-required=\"true\" aria-invalid=\"false\" value=\"\" type=\"email\" name=\"your-email\" \/><\/span> <\/label>\n    <\/div>\n\n    <div class=\"campo-tel\">\n        <label> Tel\u00e9fono \/ WhatsApp <span class=\"wpcf7-form-control-wrap\" data-name=\"your-phone\"><input size=\"40\" maxlength=\"400\" class=\"wpcf7-form-control wpcf7-tel wpcf7-validates-as-required wpcf7-text wpcf7-validates-as-tel\" aria-required=\"true\" aria-invalid=\"false\" value=\"\" type=\"tel\" name=\"your-phone\" \/><\/span> <\/label>\n    <\/div>\n\n    <div class=\"campo-mensaje\">\n        <label> Tu mensaje (opcional) <span class=\"wpcf7-form-control-wrap\" data-name=\"your-message\"><textarea cols=\"40\" rows=\"3\" maxlength=\"2000\" class=\"wpcf7-form-control wpcf7-textarea\" aria-invalid=\"false\" name=\"your-message\"><\/textarea><\/span> <\/label>\n    <\/div>\n\n    <div class=\"campo-submit\">\n        <input class=\"wpcf7-form-control wpcf7-submit has-spinner\" type=\"submit\" value=\"ENVIAR CONSULTA\" \/>\n    <\/div>\n<\/div><div class=\"wpcf7-response-output\" aria-hidden=\"true\"><\/div>\n<\/form>\n<\/div>\n<\/div>[\/vc_column][\/vc_row][\/vc_section]<\/p>\n<\/div>","protected":false},"excerpt":{"rendered":"<p>[vc_section css=\u00bb.vc_custom_1776225958568{margin-top: -70px !important;}\u00bb][vc_row][vc_column width=\u00bb2\/3&#8243;][vc_separator][\/vc_column][vc_column width=\u00bb1\/3&#8243;][\/vc_column][\/vc_row][\/vc_section][vc_section el_name=\u00bbContact\u00bb css=\u00bb.vc_custom_1776226205832{margin-top: -50px !important;}\u00bb][vc_row css=\u00bb.vc_custom_1776224338496{margin-right: 50px !important;margin-left: 55px !important;}\u00bb][vc_column width=\u00bb1\/4&#8243; css=\u00bb.vc_custom_1777761715972{background-color: #0040ff !important;}\u00bb el_class=\u00bbtabla-contactos\u00bb][vc_message icon_fontawesome=\u00bbfa-brands fa-whatsapp\u00bb css=\u00bb\u00bb el_class=\u00bbdiv-otro-contacto\u00bb]Escr\u00edbenos por WhatsApp +51 924 786 463[\/vc_message][vc_message icon_fontawesome=\u00bbfa-solid fa-phone\u00bb css=\u00bb\u00bb el_class=\u00bbdiv-otro-contacto\u00bb]Ll\u00e1manos ahora +51 924 786 463[\/vc_message][vc_message icon_fontawesome=\u00bbfa-regular fa-envelope\u00bb css=\u00bb\u00bb el_class=\u00bbdiv-otro-contacto\u00bb]Escr\u00edbenos al correo info@icestrategiasysolucionestributarias.com[\/vc_message][vc_message icon_fontawesome=\u00bbfa-solid fa-map-marker-alt\u00bb css=\u00bb\u00bb el_class=\u00bbdiv-otro-contacto\u00bb]Vis\u00edtanos en nuestra ubicaci\u00f3n Av. los [&hellip;]<\/p>\n","protected":false},"author":1,"featured_media":0,"parent":0,"menu_order":0,"comment_status":"closed","ping_status":"closed","template":"","meta":{"footnotes":""},"class_list":["post-4997","page","type-page","status-publish","hentry"],"_links":{"self":[{"href":"https:\/\/icestrategiasysolucionestributarias.com\/index.php?rest_route=\/wp\/v2\/pages\/4997","targetHints":{"allow":["GET"]}}],"collection":[{"href":"https:\/\/icestrategiasysolucionestributarias.com\/index.php?rest_route=\/wp\/v2\/pages"}],"about":[{"href":"https:\/\/icestrategiasysolucionestributarias.com\/index.php?rest_route=\/wp\/v2\/types\/page"}],"author":[{"embeddable":true,"href":"https:\/\/icestrategiasysolucionestributarias.com\/index.php?rest_route=\/wp\/v2\/users\/1"}],"replies":[{"embeddable":true,"href":"https:\/\/icestrategiasysolucionestributarias.com\/index.php?rest_route=%2Fwp%2Fv2%2Fcomments&post=4997"}],"version-history":[{"count":48,"href":"https:\/\/icestrategiasysolucionestributarias.com\/index.php?rest_route=\/wp\/v2\/pages\/4997\/revisions"}],"predecessor-version":[{"id":10174,"href":"https:\/\/icestrategiasysolucionestributarias.com\/index.php?rest_route=\/wp\/v2\/pages\/4997\/revisions\/10174"}],"wp:attachment":[{"href":"https:\/\/icestrategiasysolucionestributarias.com\/index.php?rest_route=%2Fwp%2Fv2%2Fmedia&parent=4997"}],"curies":[{"name":"wp","href":"https:\/\/api.w.org\/{rel}","templated":true}]}}